{"id":16,"date":"2025-12-23T09:48:17","date_gmt":"2025-12-23T09:48:17","guid":{"rendered":"https:\/\/artelattecafe.es\/?page_id=16"},"modified":"2026-02-24T10:37:33","modified_gmt":"2026-02-24T10:37:33","slug":"heladeria-artesanal-roquetas-de-mar","status":"publish","type":"page","link":"https:\/\/artelattecafe.es\/en\/heladeria-artesanal-roquetas-de-mar\/","title":{"rendered":"Artisanal Ice Cream Shop"},"content":{"rendered":"<div data-elementor-type=\"wp-page\" data-elementor-id=\"16\" class=\"elementor elementor-16\" data-elementor-post-type=\"page\">\n\t\t\t\t<div class=\"elementor-element elementor-element-540639a e-con-full e-flex e-con e-parent\" data-id=\"540639a\" data-element_type=\"container\" data-e-type=\"container\" data-settings=\"{&quot;background_background&quot;:&quot;classic&quot;}\">\n\t\t<div class=\"elementor-element elementor-element-7597a33 e-con-full e-flex e-con e-child\" data-id=\"7597a33\" data-element_type=\"container\" data-e-type=\"container\">\n\t\t\t\t<div class=\"elementor-element elementor-element-4ad6f65 elementor-widget__width-inherit elementor-widget-divider--view-line elementor-invisible elementor-widget elementor-widget-divider\" data-id=\"4ad6f65\" data-element_type=\"widget\" data-e-type=\"widget\" data-settings=\"{&quot;_animation&quot;:&quot;fadeInLeft&quot;}\" data-widget_type=\"divider.default\">\n\t\t\t\t\t\t\t<div class=\"elementor-divider\">\n\t\t\t<span class=\"elementor-divider-separator\">\n\t\t\t\t\t\t<\/span>\n\t\t<\/div>\n\t\t\t\t\t\t<\/div>\n\t\t\t\t<div class=\"elementor-element elementor-element-dcb1b9e elementor-widget__width-initial elementor-widget-tablet__width-inherit elementor-widget elementor-widget-heading\" data-id=\"dcb1b9e\" data-element_type=\"widget\" data-e-type=\"widget\" data-widget_type=\"heading.default\">\n\t\t\t\t\t<h2 class=\"elementor-heading-title elementor-size-default\">Welcome to our artisanal ice cream shop<\/h2>\t\t\t\t<\/div>\n\t\t\t\t<div class=\"elementor-element elementor-element-b7d0b03 elementor-widget__width-initial elementor-widget-tablet__width-inherit elementor-widget elementor-widget-text-editor\" data-id=\"b7d0b03\" data-element_type=\"widget\" data-e-type=\"widget\" data-widget_type=\"text-editor.default\">\n\t\t\t\t\t\t\t\t\t<p>In addition to our artisanal ice creams, we invite you to enjoy irresistible breakfasts and afternoon snacks, made with artisanal products and perfect for any time of day. We start the morning with crispy toast, sweet or savory, freshly prepared with quality ingredients.<\/p><p>For those with a sweet tooth, we offer freshly made, fluffy and hot crepes and waffles, accompanied by a wide variety of toppings such as chocolates, fruits and syrups.<\/p><p>We complete our offering with artisanal products such as homemade cakes and pastries, lovingly crafted using traditional recipes. The perfect plan for a delicious break in a welcoming atmosphere, whether with family, friends, or simply to treat yourself.<\/p>\t\t\t\t\t\t\t\t<\/div>\n\t\t\t\t<\/div>\n\t\t\t\t<\/div>\n\t\t<div class=\"elementor-element elementor-element-41cfdc6 e-con-full e-flex e-con e-parent\" data-id=\"41cfdc6\" data-element_type=\"container\" data-e-type=\"container\">\n\t\t\t\t<div class=\"elementor-element elementor-element-7ede031 elementor-widget elementor-widget-gallery\" data-id=\"7ede031\" data-element_type=\"widget\" data-e-type=\"widget\" data-settings=\"{&quot;gallery_layout&quot;:&quot;justified&quot;,&quot;lazyload&quot;:&quot;yes&quot;,&quot;ideal_row_height&quot;:{&quot;unit&quot;:&quot;px&quot;,&quot;size&quot;:200,&quot;sizes&quot;:[]},&quot;ideal_row_height_tablet&quot;:{&quot;unit&quot;:&quot;px&quot;,&quot;size&quot;:150,&quot;sizes&quot;:[]},&quot;ideal_row_height_mobile&quot;:{&quot;unit&quot;:&quot;px&quot;,&quot;size&quot;:150,&quot;sizes&quot;:[]},&quot;gap&quot;:{&quot;unit&quot;:&quot;px&quot;,&quot;size&quot;:10,&quot;sizes&quot;:[]},&quot;gap_tablet&quot;:{&quot;unit&quot;:&quot;px&quot;,&quot;size&quot;:10,&quot;sizes&quot;:[]},&quot;gap_mobile&quot;:{&quot;unit&quot;:&quot;px&quot;,&quot;size&quot;:10,&quot;sizes&quot;:[]},&quot;link_to&quot;:&quot;file&quot;,&quot;overlay_background&quot;:&quot;yes&quot;,&quot;content_hover_animation&quot;:&quot;fade-in&quot;}\" data-widget_type=\"gallery.default\">\n\t\t\t\t\t\t\t<div class=\"elementor-gallery__container\">\n\t\t\t\t\t\t\t<a class=\"e-gallery-item elementor-gallery-item elementor-animated-content\" href=\"https:\/\/artelattecafe.es\/wp-content\/uploads\/2026\/02\/1b9a6555-85be-4ff3-ad66-73165e57c18f.jpg\" data-elementor-open-lightbox=\"yes\" data-elementor-lightbox-slideshow=\"7ede031\" data-e-action-hash=\"#elementor-action%3Aaction%3Dlightbox%26settings%3DeyJpZCI6MTg0LCJ1cmwiOiJodHRwczpcL1wvYXJ0ZWxhdHRlY2FmZS5lc1wvd3AtY29udGVudFwvdXBsb2Fkc1wvMjAyNlwvMDJcLzFiOWE2NTU1LTg1YmUtNGZmMy1hZDY2LTczMTY1ZTU3YzE4Zi5qcGciLCJzbGlkZXNob3ciOiI3ZWRlMDMxIn0%3D\">\n\t\t\t\t\t<div class=\"e-gallery-image elementor-gallery-item__image\" data-thumbnail=\"https:\/\/artelattecafe.es\/wp-content\/uploads\/2026\/02\/1b9a6555-85be-4ff3-ad66-73165e57c18f-225x300.jpg\" data-width=\"225\" data-height=\"300\" aria-label=\"\" role=\"img\" ><\/div>\n\t\t\t\t\t\t\t\t\t\t\t<div class=\"elementor-gallery-item__overlay\"><\/div>\n\t\t\t\t\t\t\t\t\t\t\t\t\t\t<\/a>\n\t\t\t\t\t\t\t<a class=\"e-gallery-item elementor-gallery-item elementor-animated-content\" href=\"https:\/\/artelattecafe.es\/wp-content\/uploads\/2026\/02\/75c4adcc-ccf6-4596-8782-b8c97f107d65.jpg\" data-elementor-open-lightbox=\"yes\" data-elementor-lightbox-slideshow=\"7ede031\" data-e-action-hash=\"#elementor-action%3Aaction%3Dlightbox%26settings%3DeyJpZCI6MTg1LCJ1cmwiOiJodHRwczpcL1wvYXJ0ZWxhdHRlY2FmZS5lc1wvd3AtY29udGVudFwvdXBsb2Fkc1wvMjAyNlwvMDJcLzc1YzRhZGNjLWNjZjYtNDU5Ni04NzgyLWI4Yzk3ZjEwN2Q2NS5qcGciLCJzbGlkZXNob3ciOiI3ZWRlMDMxIn0%3D\">\n\t\t\t\t\t<div class=\"e-gallery-image elementor-gallery-item__image\" data-thumbnail=\"https:\/\/artelattecafe.es\/wp-content\/uploads\/2026\/02\/75c4adcc-ccf6-4596-8782-b8c97f107d65-225x300.jpg\" data-width=\"225\" data-height=\"300\" aria-label=\"\" role=\"img\" ><\/div>\n\t\t\t\t\t\t\t\t\t\t\t<div class=\"elementor-gallery-item__overlay\"><\/div>\n\t\t\t\t\t\t\t\t\t\t\t\t\t\t<\/a>\n\t\t\t\t\t\t\t<a class=\"e-gallery-item elementor-gallery-item elementor-animated-content\" href=\"https:\/\/artelattecafe.es\/wp-content\/uploads\/2026\/02\/112d6fe7-5120-4983-89bd-acbebaef0ab9.jpg\" data-elementor-open-lightbox=\"yes\" data-elementor-lightbox-slideshow=\"7ede031\" data-e-action-hash=\"#elementor-action%3Aaction%3Dlightbox%26settings%3DeyJpZCI6MTg2LCJ1cmwiOiJodHRwczpcL1wvYXJ0ZWxhdHRlY2FmZS5lc1wvd3AtY29udGVudFwvdXBsb2Fkc1wvMjAyNlwvMDJcLzExMmQ2ZmU3LTUxMjAtNDk4My04OWJkLWFjYmViYWVmMGFiOS5qcGciLCJzbGlkZXNob3ciOiI3ZWRlMDMxIn0%3D\">\n\t\t\t\t\t<div class=\"e-gallery-image elementor-gallery-item__image\" data-thumbnail=\"https:\/\/artelattecafe.es\/wp-content\/uploads\/2026\/02\/112d6fe7-5120-4983-89bd-acbebaef0ab9-225x300.jpg\" data-width=\"225\" data-height=\"300\" aria-label=\"\" role=\"img\" ><\/div>\n\t\t\t\t\t\t\t\t\t\t\t<div class=\"elementor-gallery-item__overlay\"><\/div>\n\t\t\t\t\t\t\t\t\t\t\t\t\t\t<\/a>\n\t\t\t\t\t\t\t<a class=\"e-gallery-item elementor-gallery-item elementor-animated-content\" href=\"https:\/\/artelattecafe.es\/wp-content\/uploads\/2026\/02\/3301dd18-e8cb-4c00-8b5d-90cdbc05335d.jpg\" data-elementor-open-lightbox=\"yes\" data-elementor-lightbox-slideshow=\"7ede031\" data-e-action-hash=\"#elementor-action%3Aaction%3Dlightbox%26settings%3DeyJpZCI6MTg3LCJ1cmwiOiJodHRwczpcL1wvYXJ0ZWxhdHRlY2FmZS5lc1wvd3AtY29udGVudFwvdXBsb2Fkc1wvMjAyNlwvMDJcLzMzMDFkZDE4LWU4Y2ItNGMwMC04YjVkLTkwY2RiYzA1MzM1ZC5qcGciLCJzbGlkZXNob3ciOiI3ZWRlMDMxIn0%3D\">\n\t\t\t\t\t<div class=\"e-gallery-image elementor-gallery-item__image\" data-thumbnail=\"https:\/\/artelattecafe.es\/wp-content\/uploads\/2026\/02\/3301dd18-e8cb-4c00-8b5d-90cdbc05335d-225x300.jpg\" data-width=\"225\" data-height=\"300\" aria-label=\"\" role=\"img\" ><\/div>\n\t\t\t\t\t\t\t\t\t\t\t<div class=\"elementor-gallery-item__overlay\"><\/div>\n\t\t\t\t\t\t\t\t\t\t\t\t\t\t<\/a>\n\t\t\t\t\t\t\t<a class=\"e-gallery-item elementor-gallery-item elementor-animated-content\" href=\"https:\/\/artelattecafe.es\/wp-content\/uploads\/2026\/02\/cce75fec-0632-411c-8556-722dcd1a7d1c.jpg\" data-elementor-open-lightbox=\"yes\" data-elementor-lightbox-slideshow=\"7ede031\" data-e-action-hash=\"#elementor-action%3Aaction%3Dlightbox%26settings%3DeyJpZCI6MTg4LCJ1cmwiOiJodHRwczpcL1wvYXJ0ZWxhdHRlY2FmZS5lc1wvd3AtY29udGVudFwvdXBsb2Fkc1wvMjAyNlwvMDJcL2NjZTc1ZmVjLTA2MzItNDExYy04NTU2LTcyMmRjZDFhN2QxYy5qcGciLCJzbGlkZXNob3ciOiI3ZWRlMDMxIn0%3D\">\n\t\t\t\t\t<div class=\"e-gallery-image elementor-gallery-item__image\" data-thumbnail=\"https:\/\/artelattecafe.es\/wp-content\/uploads\/2026\/02\/cce75fec-0632-411c-8556-722dcd1a7d1c-225x300.jpg\" data-width=\"225\" data-height=\"300\" aria-label=\"\" role=\"img\" ><\/div>\n\t\t\t\t\t\t\t\t\t\t\t<div class=\"elementor-gallery-item__overlay\"><\/div>\n\t\t\t\t\t\t\t\t\t\t\t\t\t\t<\/a>\n\t\t\t\t\t\t\t<a class=\"e-gallery-item elementor-gallery-item elementor-animated-content\" href=\"https:\/\/artelattecafe.es\/wp-content\/uploads\/2026\/02\/d9211310-bbbb-4a60-a6df-4c02676470cf.jpg\" data-elementor-open-lightbox=\"yes\" data-elementor-lightbox-slideshow=\"7ede031\" data-e-action-hash=\"#elementor-action%3Aaction%3Dlightbox%26settings%3DeyJpZCI6MTg5LCJ1cmwiOiJodHRwczpcL1wvYXJ0ZWxhdHRlY2FmZS5lc1wvd3AtY29udGVudFwvdXBsb2Fkc1wvMjAyNlwvMDJcL2Q5MjExMzEwLWJiYmItNGE2MC1hNmRmLTRjMDI2NzY0NzBjZi5qcGciLCJzbGlkZXNob3ciOiI3ZWRlMDMxIn0%3D\">\n\t\t\t\t\t<div class=\"e-gallery-image elementor-gallery-item__image\" data-thumbnail=\"https:\/\/artelattecafe.es\/wp-content\/uploads\/2026\/02\/d9211310-bbbb-4a60-a6df-4c02676470cf-225x300.jpg\" data-width=\"225\" data-height=\"300\" aria-label=\"\" role=\"img\" ><\/div>\n\t\t\t\t\t\t\t\t\t\t\t<div class=\"elementor-gallery-item__overlay\"><\/div>\n\t\t\t\t\t\t\t\t\t\t\t\t\t\t<\/a>\n\t\t\t\t\t\t\t<a class=\"e-gallery-item elementor-gallery-item elementor-animated-content\" href=\"https:\/\/artelattecafe.es\/wp-content\/uploads\/2026\/02\/da64255c-f1ca-4ec4-b52f-a8be3e5b44d1.jpg\" data-elementor-open-lightbox=\"yes\" data-elementor-lightbox-slideshow=\"7ede031\" data-e-action-hash=\"#elementor-action%3Aaction%3Dlightbox%26settings%3DeyJpZCI6MTkwLCJ1cmwiOiJodHRwczpcL1wvYXJ0ZWxhdHRlY2FmZS5lc1wvd3AtY29udGVudFwvdXBsb2Fkc1wvMjAyNlwvMDJcL2RhNjQyNTVjLWYxY2EtNGVjNC1iNTJmLWE4YmUzZTViNDRkMS5qcGciLCJzbGlkZXNob3ciOiI3ZWRlMDMxIn0%3D\">\n\t\t\t\t\t<div class=\"e-gallery-image elementor-gallery-item__image\" data-thumbnail=\"https:\/\/artelattecafe.es\/wp-content\/uploads\/2026\/02\/da64255c-f1ca-4ec4-b52f-a8be3e5b44d1-225x300.jpg\" data-width=\"225\" data-height=\"300\" aria-label=\"\" role=\"img\" ><\/div>\n\t\t\t\t\t\t\t\t\t\t\t<div class=\"elementor-gallery-item__overlay\"><\/div>\n\t\t\t\t\t\t\t\t\t\t\t\t\t\t<\/a>\n\t\t\t\t\t\t\t<a class=\"e-gallery-item elementor-gallery-item elementor-animated-content\" href=\"https:\/\/artelattecafe.es\/wp-content\/uploads\/2026\/02\/e9073e44-12f7-41f4-9e19-388575b0b0dd.jpg\" data-elementor-open-lightbox=\"yes\" data-elementor-lightbox-slideshow=\"7ede031\" data-e-action-hash=\"#elementor-action%3Aaction%3Dlightbox%26settings%3DeyJpZCI6MTkxLCJ1cmwiOiJodHRwczpcL1wvYXJ0ZWxhdHRlY2FmZS5lc1wvd3AtY29udGVudFwvdXBsb2Fkc1wvMjAyNlwvMDJcL2U5MDczZTQ0LTEyZjctNDFmNC05ZTE5LTM4ODU3NWIwYjBkZC5qcGciLCJzbGlkZXNob3ciOiI3ZWRlMDMxIn0%3D\">\n\t\t\t\t\t<div class=\"e-gallery-image elementor-gallery-item__image\" data-thumbnail=\"https:\/\/artelattecafe.es\/wp-content\/uploads\/2026\/02\/e9073e44-12f7-41f4-9e19-388575b0b0dd-225x300.jpg\" data-width=\"225\" data-height=\"300\" aria-label=\"\" role=\"img\" ><\/div>\n\t\t\t\t\t\t\t\t\t\t\t<div class=\"elementor-gallery-item__overlay\"><\/div>\n\t\t\t\t\t\t\t\t\t\t\t\t\t\t<\/a>\n\t\t\t\t\t<\/div>\n\t\t\t\t\t<\/div>\n\t\t\t\t<\/div>\n\t\t<div class=\"elementor-element elementor-element-7418d9f e-flex e-con-boxed e-con e-parent\" data-id=\"7418d9f\" data-element_type=\"container\" data-e-type=\"container\">\n\t\t\t\t\t<div class=\"e-con-inner\">\n\t\t\t\t<div class=\"elementor-element elementor-element-778e926 elementor-widget__width-inherit elementor-invisible elementor-widget elementor-widget-image\" data-id=\"778e926\" data-element_type=\"widget\" data-e-type=\"widget\" data-settings=\"{&quot;_animation&quot;:&quot;fadeInUp&quot;}\" data-widget_type=\"image.default\">\n\t\t\t\t\t\t\t\t\t\t\t\t\t\t\t<img fetchpriority=\"high\" decoding=\"async\" width=\"937\" height=\"398\" src=\"https:\/\/artelattecafe.es\/wp-content\/uploads\/2026\/02\/helados_artesanos.jpg\" class=\"attachment-full size-full wp-image-126\" alt=\"\" srcset=\"https:\/\/artelattecafe.es\/wp-content\/uploads\/2026\/02\/helados_artesanos.jpg 937w, https:\/\/artelattecafe.es\/wp-content\/uploads\/2026\/02\/helados_artesanos-300x127.jpg 300w, https:\/\/artelattecafe.es\/wp-content\/uploads\/2026\/02\/helados_artesanos-768x326.jpg 768w\" sizes=\"(max-width: 937px) 100vw, 937px\" \/>\t\t\t\t\t\t\t\t\t\t\t\t\t\t\t<\/div>\n\t\t\t\t\t<\/div>\n\t\t\t\t<\/div>\n\t\t\t\t<\/div>","protected":false},"excerpt":{"rendered":"<p>Bienvenidos a nuestra helader\u00eda artesanal Adem\u00e1s de nuestros helados artesanales, te invitamos a disfrutar de desayunos y meriendas irresistibles, elaborados con productos artesanos y pensados para cualquier momento del d\u00eda. Empezamos la ma\u00f1ana con tostadas crujientes, dulces o saladas, preparadas al momento y con ingredientes de calidad. Para los m\u00e1s golosos, ofrecemos crepes y gofres [&hellip;]<\/p>\n","protected":false},"author":1,"featured_media":0,"parent":0,"menu_order":0,"comment_status":"closed","ping_status":"closed","template":"","meta":{"footnotes":""},"class_list":["post-16","page","type-page","status-publish","hentry"],"yoast_head":"<!-- This site is optimized with the Yoast SEO plugin v27.4 - https:\/\/yoast.com\/product\/yoast-seo-wordpress\/ -->\n<title>Helader\u00eda Artesanal - Arte Latte Cafe<\/title>\n<meta name=\"description\" content=\"Disfruta de helados artesanales en Roquetas de Mar elaborados a diario con ingredientes naturales. Sabores aut\u00e9nticos en la costa de Almer\u00eda.\" \/>\n<meta name=\"robots\" content=\"index, follow, max-snippet:-1, max-image-preview:large, max-video-preview:-1\" \/>\n<link rel=\"canonical\" href=\"https:\/\/artelattecafe.es\/en\/heladeria-artesanal-roquetas-de-mar\/\" \/>\n<meta property=\"og:locale\" content=\"en_US\" \/>\n<meta property=\"og:type\" content=\"article\" \/>\n<meta property=\"og:title\" content=\"Helader\u00eda Artesanal - Arte Latte Cafe\" \/>\n<meta property=\"og:description\" content=\"Disfruta de helados artesanales en Roquetas de Mar elaborados a diario con ingredientes naturales. Sabores aut\u00e9nticos en la costa de Almer\u00eda.\" \/>\n<meta property=\"og:url\" content=\"https:\/\/artelattecafe.es\/en\/heladeria-artesanal-roquetas-de-mar\/\" \/>\n<meta property=\"og:site_name\" content=\"Arte Latte Cafe\" \/>\n<meta property=\"article:modified_time\" content=\"2026-02-24T10:37:33+00:00\" \/>\n<meta property=\"og:image\" content=\"https:\/\/artelattecafe.es\/wp-content\/uploads\/2026\/02\/helados_artesanos.jpg\" \/>\n\t<meta property=\"og:image:width\" content=\"937\" \/>\n\t<meta property=\"og:image:height\" content=\"398\" \/>\n\t<meta property=\"og:image:type\" content=\"image\/jpeg\" \/>\n<meta name=\"twitter:card\" content=\"summary_large_image\" \/>\n<meta name=\"twitter:label1\" content=\"Est. reading time\" \/>\n\t<meta name=\"twitter:data1\" content=\"1 minute\" \/>\n<script type=\"application\/ld+json\" class=\"yoast-schema-graph\">{\"@context\":\"https:\\\/\\\/schema.org\",\"@graph\":[{\"@type\":\"WebPage\",\"@id\":\"https:\\\/\\\/artelattecafe.es\\\/heladeria-artesanal-roquetas-de-mar\\\/\",\"url\":\"https:\\\/\\\/artelattecafe.es\\\/heladeria-artesanal-roquetas-de-mar\\\/\",\"name\":\"Helader\u00eda Artesanal - Arte Latte Cafe\",\"isPartOf\":{\"@id\":\"https:\\\/\\\/artelattecafe.es\\\/#website\"},\"primaryImageOfPage\":{\"@id\":\"https:\\\/\\\/artelattecafe.es\\\/heladeria-artesanal-roquetas-de-mar\\\/#primaryimage\"},\"image\":{\"@id\":\"https:\\\/\\\/artelattecafe.es\\\/heladeria-artesanal-roquetas-de-mar\\\/#primaryimage\"},\"thumbnailUrl\":\"https:\\\/\\\/artelattecafe.es\\\/wp-content\\\/uploads\\\/2026\\\/02\\\/helados_artesanos.jpg\",\"datePublished\":\"2025-12-23T09:48:17+00:00\",\"dateModified\":\"2026-02-24T10:37:33+00:00\",\"description\":\"Disfruta de helados artesanales en Roquetas de Mar elaborados a diario con ingredientes naturales. Sabores aut\u00e9nticos en la costa de Almer\u00eda.\",\"breadcrumb\":{\"@id\":\"https:\\\/\\\/artelattecafe.es\\\/heladeria-artesanal-roquetas-de-mar\\\/#breadcrumb\"},\"inLanguage\":\"en-US\",\"potentialAction\":[{\"@type\":\"ReadAction\",\"target\":[\"https:\\\/\\\/artelattecafe.es\\\/heladeria-artesanal-roquetas-de-mar\\\/\"]}]},{\"@type\":\"ImageObject\",\"inLanguage\":\"en-US\",\"@id\":\"https:\\\/\\\/artelattecafe.es\\\/heladeria-artesanal-roquetas-de-mar\\\/#primaryimage\",\"url\":\"https:\\\/\\\/artelattecafe.es\\\/wp-content\\\/uploads\\\/2026\\\/02\\\/helados_artesanos.jpg\",\"contentUrl\":\"https:\\\/\\\/artelattecafe.es\\\/wp-content\\\/uploads\\\/2026\\\/02\\\/helados_artesanos.jpg\"},{\"@type\":\"BreadcrumbList\",\"@id\":\"https:\\\/\\\/artelattecafe.es\\\/heladeria-artesanal-roquetas-de-mar\\\/#breadcrumb\",\"itemListElement\":[{\"@type\":\"ListItem\",\"position\":1,\"name\":\"Portada\",\"item\":\"https:\\\/\\\/artelattecafe.es\\\/\"},{\"@type\":\"ListItem\",\"position\":2,\"name\":\"Helader\u00eda Artesanal\"}]},{\"@type\":\"WebSite\",\"@id\":\"https:\\\/\\\/artelattecafe.es\\\/#website\",\"url\":\"https:\\\/\\\/artelattecafe.es\\\/\",\"name\":\"Arte Latte Cafe\",\"description\":\"Cafeter\u00eda y helader\u00eda artesanal en Roquetas de Mar\",\"publisher\":{\"@id\":\"https:\\\/\\\/artelattecafe.es\\\/#organization\"},\"potentialAction\":[{\"@type\":\"SearchAction\",\"target\":{\"@type\":\"EntryPoint\",\"urlTemplate\":\"https:\\\/\\\/artelattecafe.es\\\/?s={search_term_string}\"},\"query-input\":{\"@type\":\"PropertyValueSpecification\",\"valueRequired\":true,\"valueName\":\"search_term_string\"}}],\"inLanguage\":\"en-US\"},{\"@type\":\"Organization\",\"@id\":\"https:\\\/\\\/artelattecafe.es\\\/#organization\",\"name\":\"Arte Latte Cafe\",\"url\":\"https:\\\/\\\/artelattecafe.es\\\/\",\"logo\":{\"@type\":\"ImageObject\",\"inLanguage\":\"en-US\",\"@id\":\"https:\\\/\\\/artelattecafe.es\\\/#\\\/schema\\\/logo\\\/image\\\/\",\"url\":\"https:\\\/\\\/artelattecafe.es\\\/wp-content\\\/uploads\\\/2025\\\/12\\\/arte_latte_logo.png\",\"contentUrl\":\"https:\\\/\\\/artelattecafe.es\\\/wp-content\\\/uploads\\\/2025\\\/12\\\/arte_latte_logo.png\",\"width\":1150,\"height\":608,\"caption\":\"Arte Latte Cafe\"},\"image\":{\"@id\":\"https:\\\/\\\/artelattecafe.es\\\/#\\\/schema\\\/logo\\\/image\\\/\"},\"sameAs\":[\"https:\\\/\\\/www.instagram.com\\\/artelatte_heladeria_caffe\"]}]}<\/script>\n<!-- \/ Yoast SEO plugin. -->","yoast_head_json":{"title":"Helader\u00eda Artesanal - Arte Latte Cafe","description":"Disfruta de helados artesanales en Roquetas de Mar elaborados a diario con ingredientes naturales. Sabores aut\u00e9nticos en la costa de Almer\u00eda.","robots":{"index":"index","follow":"follow","max-snippet":"max-snippet:-1","max-image-preview":"max-image-preview:large","max-video-preview":"max-video-preview:-1"},"canonical":"https:\/\/artelattecafe.es\/en\/heladeria-artesanal-roquetas-de-mar\/","og_locale":"en_US","og_type":"article","og_title":"Helader\u00eda Artesanal - Arte Latte Cafe","og_description":"Disfruta de helados artesanales en Roquetas de Mar elaborados a diario con ingredientes naturales. Sabores aut\u00e9nticos en la costa de Almer\u00eda.","og_url":"https:\/\/artelattecafe.es\/en\/heladeria-artesanal-roquetas-de-mar\/","og_site_name":"Arte Latte Cafe","article_modified_time":"2026-02-24T10:37:33+00:00","og_image":[{"width":937,"height":398,"url":"https:\/\/artelattecafe.es\/wp-content\/uploads\/2026\/02\/helados_artesanos.jpg","type":"image\/jpeg"}],"twitter_card":"summary_large_image","twitter_misc":{"Est. reading time":"1 minute"},"schema":{"@context":"https:\/\/schema.org","@graph":[{"@type":"WebPage","@id":"https:\/\/artelattecafe.es\/heladeria-artesanal-roquetas-de-mar\/","url":"https:\/\/artelattecafe.es\/heladeria-artesanal-roquetas-de-mar\/","name":"Helader\u00eda Artesanal - Arte Latte Cafe","isPartOf":{"@id":"https:\/\/artelattecafe.es\/#website"},"primaryImageOfPage":{"@id":"https:\/\/artelattecafe.es\/heladeria-artesanal-roquetas-de-mar\/#primaryimage"},"image":{"@id":"https:\/\/artelattecafe.es\/heladeria-artesanal-roquetas-de-mar\/#primaryimage"},"thumbnailUrl":"https:\/\/artelattecafe.es\/wp-content\/uploads\/2026\/02\/helados_artesanos.jpg","datePublished":"2025-12-23T09:48:17+00:00","dateModified":"2026-02-24T10:37:33+00:00","description":"Disfruta de helados artesanales en Roquetas de Mar elaborados a diario con ingredientes naturales. Sabores aut\u00e9nticos en la costa de Almer\u00eda.","breadcrumb":{"@id":"https:\/\/artelattecafe.es\/heladeria-artesanal-roquetas-de-mar\/#breadcrumb"},"inLanguage":"en-US","potentialAction":[{"@type":"ReadAction","target":["https:\/\/artelattecafe.es\/heladeria-artesanal-roquetas-de-mar\/"]}]},{"@type":"ImageObject","inLanguage":"en-US","@id":"https:\/\/artelattecafe.es\/heladeria-artesanal-roquetas-de-mar\/#primaryimage","url":"https:\/\/artelattecafe.es\/wp-content\/uploads\/2026\/02\/helados_artesanos.jpg","contentUrl":"https:\/\/artelattecafe.es\/wp-content\/uploads\/2026\/02\/helados_artesanos.jpg"},{"@type":"BreadcrumbList","@id":"https:\/\/artelattecafe.es\/heladeria-artesanal-roquetas-de-mar\/#breadcrumb","itemListElement":[{"@type":"ListItem","position":1,"name":"Portada","item":"https:\/\/artelattecafe.es\/"},{"@type":"ListItem","position":2,"name":"Helader\u00eda Artesanal"}]},{"@type":"WebSite","@id":"https:\/\/artelattecafe.es\/#website","url":"https:\/\/artelattecafe.es\/","name":"Arte Latte Cafe","description":"Cafeter\u00eda y helader\u00eda artesanal en Roquetas de Mar","publisher":{"@id":"https:\/\/artelattecafe.es\/#organization"},"potentialAction":[{"@type":"SearchAction","target":{"@type":"EntryPoint","urlTemplate":"https:\/\/artelattecafe.es\/?s={search_term_string}"},"query-input":{"@type":"PropertyValueSpecification","valueRequired":true,"valueName":"search_term_string"}}],"inLanguage":"en-US"},{"@type":"Organization","@id":"https:\/\/artelattecafe.es\/#organization","name":"Arte Latte Cafe","url":"https:\/\/artelattecafe.es\/","logo":{"@type":"ImageObject","inLanguage":"en-US","@id":"https:\/\/artelattecafe.es\/#\/schema\/logo\/image\/","url":"https:\/\/artelattecafe.es\/wp-content\/uploads\/2025\/12\/arte_latte_logo.png","contentUrl":"https:\/\/artelattecafe.es\/wp-content\/uploads\/2025\/12\/arte_latte_logo.png","width":1150,"height":608,"caption":"Arte Latte Cafe"},"image":{"@id":"https:\/\/artelattecafe.es\/#\/schema\/logo\/image\/"},"sameAs":["https:\/\/www.instagram.com\/artelatte_heladeria_caffe"]}]}},"_links":{"self":[{"href":"https:\/\/artelattecafe.es\/en\/wp-json\/wp\/v2\/pages\/16","targetHints":{"allow":["GET"]}}],"collection":[{"href":"https:\/\/artelattecafe.es\/en\/wp-json\/wp\/v2\/pages"}],"about":[{"href":"https:\/\/artelattecafe.es\/en\/wp-json\/wp\/v2\/types\/page"}],"author":[{"embeddable":true,"href":"https:\/\/artelattecafe.es\/en\/wp-json\/wp\/v2\/users\/1"}],"replies":[{"embeddable":true,"href":"https:\/\/artelattecafe.es\/en\/wp-json\/wp\/v2\/comments?post=16"}],"version-history":[{"count":20,"href":"https:\/\/artelattecafe.es\/en\/wp-json\/wp\/v2\/pages\/16\/revisions"}],"predecessor-version":[{"id":195,"href":"https:\/\/artelattecafe.es\/en\/wp-json\/wp\/v2\/pages\/16\/revisions\/195"}],"wp:attachment":[{"href":"https:\/\/artelattecafe.es\/en\/wp-json\/wp\/v2\/media?parent=16"}],"curies":[{"name":"wp","href":"https:\/\/api.w.org\/{rel}","templated":true}]}}