{"id":14,"date":"2025-12-23T09:47:56","date_gmt":"2025-12-23T09:47:56","guid":{"rendered":"https:\/\/artelattecafe.es\/?page_id=14"},"modified":"2026-02-20T10:05:16","modified_gmt":"2026-02-20T10:05:16","slug":"cafeteria-cafe-especialidad-roquetas-de-mar","status":"publish","type":"page","link":"https:\/\/artelattecafe.es\/en\/cafeteria-cafe-especialidad-roquetas-de-mar\/","title":{"rendered":"The Cafeteria"},"content":{"rendered":"<div data-elementor-type=\"wp-page\" data-elementor-id=\"14\" class=\"elementor elementor-14\" data-elementor-post-type=\"page\">\n\t\t\t\t<div class=\"elementor-element elementor-element-6080023 e-con-full e-flex e-con e-parent\" data-id=\"6080023\" data-element_type=\"container\" data-e-type=\"container\" data-settings=\"{&quot;background_background&quot;:&quot;classic&quot;}\">\n\t\t<div class=\"elementor-element elementor-element-4c8699b e-con-full e-flex e-con e-child\" data-id=\"4c8699b\" data-element_type=\"container\" data-e-type=\"container\">\n\t\t\t\t<div class=\"elementor-element elementor-element-bfe1182 elementor-widget__width-inherit elementor-widget-divider--view-line elementor-invisible elementor-widget elementor-widget-divider\" data-id=\"bfe1182\" data-element_type=\"widget\" data-e-type=\"widget\" data-settings=\"{&quot;_animation&quot;:&quot;fadeInLeft&quot;}\" data-widget_type=\"divider.default\">\n\t\t\t\t\t\t\t<div class=\"elementor-divider\">\n\t\t\t<span class=\"elementor-divider-separator\">\n\t\t\t\t\t\t<\/span>\n\t\t<\/div>\n\t\t\t\t\t\t<\/div>\n\t\t\t\t<div class=\"elementor-element elementor-element-52b45a3 elementor-widget__width-initial elementor-widget-tablet__width-inherit elementor-widget elementor-widget-heading\" data-id=\"52b45a3\" data-element_type=\"widget\" data-e-type=\"widget\" data-widget_type=\"heading.default\">\n\t\t\t\t\t<h1 class=\"elementor-heading-title elementor-size-default\">At Arte Latte, we're more than just a coffee shop.<\/h1>\t\t\t\t<\/div>\n\t\t\t\t<div class=\"elementor-element elementor-element-3be38b7 elementor-widget__width-initial elementor-widget-tablet__width-inherit elementor-widget elementor-widget-text-editor\" data-id=\"3be38b7\" data-element_type=\"widget\" data-e-type=\"widget\" data-widget_type=\"text-editor.default\">\n\t\t\t\t\t\t\t\t\t<p>We are a specialty coffee shop where we take care of every detail of the process: from selecting single-origin beans to a precise preparation that highlights their natural aromas and flavors. We work with high-quality coffees, roasted using traditional methods, and prepared by baristas who understand coffee as an experience.<\/p><p>Our space is designed for leisurely enjoyment: a welcoming atmosphere, good music, and the constant aroma of freshly brewed coffee. Here you can savor a perfectly balanced espresso, explore filter brewing methods, or pair your coffee with a selection of pastries.<\/p><p>We believe in personal service, explaining what we serve, and sharing the culture of good coffee. More than just a coffee shop, we're a place to stop, enjoy, and come back for.<\/p>\t\t\t\t\t\t\t\t<\/div>\n\t\t\t\t<\/div>\n\t\t\t\t<\/div>\n\t\t<div class=\"elementor-element elementor-element-f3e6164 e-flex e-con-boxed e-con e-parent\" data-id=\"f3e6164\" data-element_type=\"container\" data-e-type=\"container\">\n\t\t\t\t\t<div class=\"e-con-inner\">\n\t\t\t\t<div class=\"elementor-element elementor-element-7bf27a1 elementor-widget__width-inherit elementor-invisible elementor-widget elementor-widget-image\" data-id=\"7bf27a1\" data-element_type=\"widget\" data-e-type=\"widget\" data-settings=\"{&quot;_animation&quot;:&quot;fadeInUp&quot;}\" data-widget_type=\"image.default\">\n\t\t\t\t\t\t\t\t\t\t\t\t\t\t\t<img fetchpriority=\"high\" decoding=\"async\" width=\"1680\" height=\"427\" src=\"https:\/\/artelattecafe.es\/wp-content\/uploads\/2026\/02\/arte_latte_cafe.jpg\" class=\"attachment-full size-full wp-image-74\" alt=\"\" srcset=\"https:\/\/artelattecafe.es\/wp-content\/uploads\/2026\/02\/arte_latte_cafe.jpg 1680w, https:\/\/artelattecafe.es\/wp-content\/uploads\/2026\/02\/arte_latte_cafe-300x76.jpg 300w, https:\/\/artelattecafe.es\/wp-content\/uploads\/2026\/02\/arte_latte_cafe-1024x260.jpg 1024w, https:\/\/artelattecafe.es\/wp-content\/uploads\/2026\/02\/arte_latte_cafe-768x195.jpg 768w, https:\/\/artelattecafe.es\/wp-content\/uploads\/2026\/02\/arte_latte_cafe-1536x390.jpg 1536w\" sizes=\"(max-width: 1680px) 100vw, 1680px\" \/>\t\t\t\t\t\t\t\t\t\t\t\t\t\t\t<\/div>\n\t\t\t\t\t<\/div>\n\t\t\t\t<\/div>\n\t\t\t\t<\/div>","protected":false},"excerpt":{"rendered":"<p>En Arte Latte, somos m\u00e1s que una cafeter\u00eda Somos una cafeter\u00eda especializada en caf\u00e9 de especialidad, donde cuidamos cada detalle del proceso: desde la selecci\u00f3n de granos de origen \u00fanico hasta una preparaci\u00f3n precisa que resalta sus aromas y sabores naturales. Trabajamos con caf\u00e9s de alta calidad, tostados de forma artesanal, y elaborados por baristas [&hellip;]<\/p>\n","protected":false},"author":1,"featured_media":0,"parent":0,"menu_order":0,"comment_status":"closed","ping_status":"closed","template":"","meta":{"footnotes":""},"class_list":["post-14","page","type-page","status-publish","hentry"],"yoast_head":"<!-- This site is optimized with the Yoast SEO plugin v27.4 - https:\/\/yoast.com\/product\/yoast-seo-wordpress\/ -->\n<title>Cafeter\u00eda de caf\u00e9 de especialidad en Roquetas de Mar<\/title>\n<meta name=\"description\" content=\"Arte Latte Caff\u00e8 es tu cafeter\u00eda de caf\u00e9 de especialidad en Roquetas de Mar. Caf\u00e9s de origen \u00fanico, baristas y ambiente acogedor junto al mar.\" \/>\n<meta name=\"robots\" content=\"index, follow, max-snippet:-1, max-image-preview:large, max-video-preview:-1\" \/>\n<link rel=\"canonical\" href=\"https:\/\/artelattecafe.es\/en\/cafeteria-cafe-especialidad-roquetas-de-mar\/\" \/>\n<meta property=\"og:locale\" content=\"en_US\" \/>\n<meta property=\"og:type\" content=\"article\" \/>\n<meta property=\"og:title\" content=\"Cafeter\u00eda de caf\u00e9 de especialidad en Roquetas de Mar\" \/>\n<meta property=\"og:description\" content=\"Arte Latte Caff\u00e8 es tu cafeter\u00eda de caf\u00e9 de especialidad en Roquetas de Mar. Caf\u00e9s de origen \u00fanico, baristas y ambiente acogedor junto al mar.\" \/>\n<meta property=\"og:url\" content=\"https:\/\/artelattecafe.es\/en\/cafeteria-cafe-especialidad-roquetas-de-mar\/\" \/>\n<meta property=\"og:site_name\" content=\"Arte Latte Cafe\" \/>\n<meta property=\"article:modified_time\" content=\"2026-02-20T10:05:16+00:00\" \/>\n<meta property=\"og:image\" content=\"https:\/\/artelattecafe.es\/wp-content\/uploads\/2026\/02\/arte_latte_cafe.jpg\" \/>\n\t<meta property=\"og:image:width\" content=\"1680\" \/>\n\t<meta property=\"og:image:height\" content=\"427\" \/>\n\t<meta property=\"og:image:type\" content=\"image\/jpeg\" \/>\n<meta name=\"twitter:card\" content=\"summary_large_image\" \/>\n<meta name=\"twitter:label1\" content=\"Est. reading time\" \/>\n\t<meta name=\"twitter:data1\" content=\"1 minute\" \/>\n<script type=\"application\/ld+json\" class=\"yoast-schema-graph\">{\"@context\":\"https:\\\/\\\/schema.org\",\"@graph\":[{\"@type\":\"WebPage\",\"@id\":\"https:\\\/\\\/artelattecafe.es\\\/cafeteria-cafe-especialidad-roquetas-de-mar\\\/\",\"url\":\"https:\\\/\\\/artelattecafe.es\\\/cafeteria-cafe-especialidad-roquetas-de-mar\\\/\",\"name\":\"Cafeter\u00eda de caf\u00e9 de especialidad en Roquetas de Mar\",\"isPartOf\":{\"@id\":\"https:\\\/\\\/artelattecafe.es\\\/#website\"},\"primaryImageOfPage\":{\"@id\":\"https:\\\/\\\/artelattecafe.es\\\/cafeteria-cafe-especialidad-roquetas-de-mar\\\/#primaryimage\"},\"image\":{\"@id\":\"https:\\\/\\\/artelattecafe.es\\\/cafeteria-cafe-especialidad-roquetas-de-mar\\\/#primaryimage\"},\"thumbnailUrl\":\"https:\\\/\\\/artelattecafe.es\\\/wp-content\\\/uploads\\\/2026\\\/02\\\/arte_latte_cafe.jpg\",\"datePublished\":\"2025-12-23T09:47:56+00:00\",\"dateModified\":\"2026-02-20T10:05:16+00:00\",\"description\":\"Arte Latte Caff\u00e8 es tu cafeter\u00eda de caf\u00e9 de especialidad en Roquetas de Mar. Caf\u00e9s de origen \u00fanico, baristas y ambiente acogedor junto al mar.\",\"breadcrumb\":{\"@id\":\"https:\\\/\\\/artelattecafe.es\\\/cafeteria-cafe-especialidad-roquetas-de-mar\\\/#breadcrumb\"},\"inLanguage\":\"en-US\",\"potentialAction\":[{\"@type\":\"ReadAction\",\"target\":[\"https:\\\/\\\/artelattecafe.es\\\/cafeteria-cafe-especialidad-roquetas-de-mar\\\/\"]}]},{\"@type\":\"ImageObject\",\"inLanguage\":\"en-US\",\"@id\":\"https:\\\/\\\/artelattecafe.es\\\/cafeteria-cafe-especialidad-roquetas-de-mar\\\/#primaryimage\",\"url\":\"https:\\\/\\\/artelattecafe.es\\\/wp-content\\\/uploads\\\/2026\\\/02\\\/arte_latte_cafe.jpg\",\"contentUrl\":\"https:\\\/\\\/artelattecafe.es\\\/wp-content\\\/uploads\\\/2026\\\/02\\\/arte_latte_cafe.jpg\"},{\"@type\":\"BreadcrumbList\",\"@id\":\"https:\\\/\\\/artelattecafe.es\\\/cafeteria-cafe-especialidad-roquetas-de-mar\\\/#breadcrumb\",\"itemListElement\":[{\"@type\":\"ListItem\",\"position\":1,\"name\":\"Portada\",\"item\":\"https:\\\/\\\/artelattecafe.es\\\/\"},{\"@type\":\"ListItem\",\"position\":2,\"name\":\"La Cafeter\u00eda\"}]},{\"@type\":\"WebSite\",\"@id\":\"https:\\\/\\\/artelattecafe.es\\\/#website\",\"url\":\"https:\\\/\\\/artelattecafe.es\\\/\",\"name\":\"Arte Latte Cafe\",\"description\":\"Cafeter\u00eda y helader\u00eda artesanal en Roquetas de Mar\",\"publisher\":{\"@id\":\"https:\\\/\\\/artelattecafe.es\\\/#organization\"},\"potentialAction\":[{\"@type\":\"SearchAction\",\"target\":{\"@type\":\"EntryPoint\",\"urlTemplate\":\"https:\\\/\\\/artelattecafe.es\\\/?s={search_term_string}\"},\"query-input\":{\"@type\":\"PropertyValueSpecification\",\"valueRequired\":true,\"valueName\":\"search_term_string\"}}],\"inLanguage\":\"en-US\"},{\"@type\":\"Organization\",\"@id\":\"https:\\\/\\\/artelattecafe.es\\\/#organization\",\"name\":\"Arte Latte Cafe\",\"url\":\"https:\\\/\\\/artelattecafe.es\\\/\",\"logo\":{\"@type\":\"ImageObject\",\"inLanguage\":\"en-US\",\"@id\":\"https:\\\/\\\/artelattecafe.es\\\/#\\\/schema\\\/logo\\\/image\\\/\",\"url\":\"https:\\\/\\\/artelattecafe.es\\\/wp-content\\\/uploads\\\/2025\\\/12\\\/arte_latte_logo.png\",\"contentUrl\":\"https:\\\/\\\/artelattecafe.es\\\/wp-content\\\/uploads\\\/2025\\\/12\\\/arte_latte_logo.png\",\"width\":1150,\"height\":608,\"caption\":\"Arte Latte Cafe\"},\"image\":{\"@id\":\"https:\\\/\\\/artelattecafe.es\\\/#\\\/schema\\\/logo\\\/image\\\/\"},\"sameAs\":[\"https:\\\/\\\/www.instagram.com\\\/artelatte_heladeria_caffe\"]}]}<\/script>\n<!-- \/ Yoast SEO plugin. -->","yoast_head_json":{"title":"Cafeter\u00eda de caf\u00e9 de especialidad en Roquetas de Mar","description":"Arte Latte Caff\u00e8 es tu cafeter\u00eda de caf\u00e9 de especialidad en Roquetas de Mar. Caf\u00e9s de origen \u00fanico, baristas y ambiente acogedor junto al mar.","robots":{"index":"index","follow":"follow","max-snippet":"max-snippet:-1","max-image-preview":"max-image-preview:large","max-video-preview":"max-video-preview:-1"},"canonical":"https:\/\/artelattecafe.es\/en\/cafeteria-cafe-especialidad-roquetas-de-mar\/","og_locale":"en_US","og_type":"article","og_title":"Cafeter\u00eda de caf\u00e9 de especialidad en Roquetas de Mar","og_description":"Arte Latte Caff\u00e8 es tu cafeter\u00eda de caf\u00e9 de especialidad en Roquetas de Mar. Caf\u00e9s de origen \u00fanico, baristas y ambiente acogedor junto al mar.","og_url":"https:\/\/artelattecafe.es\/en\/cafeteria-cafe-especialidad-roquetas-de-mar\/","og_site_name":"Arte Latte Cafe","article_modified_time":"2026-02-20T10:05:16+00:00","og_image":[{"width":1680,"height":427,"url":"https:\/\/artelattecafe.es\/wp-content\/uploads\/2026\/02\/arte_latte_cafe.jpg","type":"image\/jpeg"}],"twitter_card":"summary_large_image","twitter_misc":{"Est. reading time":"1 minute"},"schema":{"@context":"https:\/\/schema.org","@graph":[{"@type":"WebPage","@id":"https:\/\/artelattecafe.es\/cafeteria-cafe-especialidad-roquetas-de-mar\/","url":"https:\/\/artelattecafe.es\/cafeteria-cafe-especialidad-roquetas-de-mar\/","name":"Cafeter\u00eda de caf\u00e9 de especialidad en Roquetas de Mar","isPartOf":{"@id":"https:\/\/artelattecafe.es\/#website"},"primaryImageOfPage":{"@id":"https:\/\/artelattecafe.es\/cafeteria-cafe-especialidad-roquetas-de-mar\/#primaryimage"},"image":{"@id":"https:\/\/artelattecafe.es\/cafeteria-cafe-especialidad-roquetas-de-mar\/#primaryimage"},"thumbnailUrl":"https:\/\/artelattecafe.es\/wp-content\/uploads\/2026\/02\/arte_latte_cafe.jpg","datePublished":"2025-12-23T09:47:56+00:00","dateModified":"2026-02-20T10:05:16+00:00","description":"Arte Latte Caff\u00e8 es tu cafeter\u00eda de caf\u00e9 de especialidad en Roquetas de Mar. Caf\u00e9s de origen \u00fanico, baristas y ambiente acogedor junto al mar.","breadcrumb":{"@id":"https:\/\/artelattecafe.es\/cafeteria-cafe-especialidad-roquetas-de-mar\/#breadcrumb"},"inLanguage":"en-US","potentialAction":[{"@type":"ReadAction","target":["https:\/\/artelattecafe.es\/cafeteria-cafe-especialidad-roquetas-de-mar\/"]}]},{"@type":"ImageObject","inLanguage":"en-US","@id":"https:\/\/artelattecafe.es\/cafeteria-cafe-especialidad-roquetas-de-mar\/#primaryimage","url":"https:\/\/artelattecafe.es\/wp-content\/uploads\/2026\/02\/arte_latte_cafe.jpg","contentUrl":"https:\/\/artelattecafe.es\/wp-content\/uploads\/2026\/02\/arte_latte_cafe.jpg"},{"@type":"BreadcrumbList","@id":"https:\/\/artelattecafe.es\/cafeteria-cafe-especialidad-roquetas-de-mar\/#breadcrumb","itemListElement":[{"@type":"ListItem","position":1,"name":"Portada","item":"https:\/\/artelattecafe.es\/"},{"@type":"ListItem","position":2,"name":"La Cafeter\u00eda"}]},{"@type":"WebSite","@id":"https:\/\/artelattecafe.es\/#website","url":"https:\/\/artelattecafe.es\/","name":"Arte Latte Cafe","description":"Cafeter\u00eda y helader\u00eda artesanal en Roquetas de Mar","publisher":{"@id":"https:\/\/artelattecafe.es\/#organization"},"potentialAction":[{"@type":"SearchAction","target":{"@type":"EntryPoint","urlTemplate":"https:\/\/artelattecafe.es\/?s={search_term_string}"},"query-input":{"@type":"PropertyValueSpecification","valueRequired":true,"valueName":"search_term_string"}}],"inLanguage":"en-US"},{"@type":"Organization","@id":"https:\/\/artelattecafe.es\/#organization","name":"Arte Latte Cafe","url":"https:\/\/artelattecafe.es\/","logo":{"@type":"ImageObject","inLanguage":"en-US","@id":"https:\/\/artelattecafe.es\/#\/schema\/logo\/image\/","url":"https:\/\/artelattecafe.es\/wp-content\/uploads\/2025\/12\/arte_latte_logo.png","contentUrl":"https:\/\/artelattecafe.es\/wp-content\/uploads\/2025\/12\/arte_latte_logo.png","width":1150,"height":608,"caption":"Arte Latte Cafe"},"image":{"@id":"https:\/\/artelattecafe.es\/#\/schema\/logo\/image\/"},"sameAs":["https:\/\/www.instagram.com\/artelatte_heladeria_caffe"]}]}},"_links":{"self":[{"href":"https:\/\/artelattecafe.es\/en\/wp-json\/wp\/v2\/pages\/14","targetHints":{"allow":["GET"]}}],"collection":[{"href":"https:\/\/artelattecafe.es\/en\/wp-json\/wp\/v2\/pages"}],"about":[{"href":"https:\/\/artelattecafe.es\/en\/wp-json\/wp\/v2\/types\/page"}],"author":[{"embeddable":true,"href":"https:\/\/artelattecafe.es\/en\/wp-json\/wp\/v2\/users\/1"}],"replies":[{"embeddable":true,"href":"https:\/\/artelattecafe.es\/en\/wp-json\/wp\/v2\/comments?post=14"}],"version-history":[{"count":13,"href":"https:\/\/artelattecafe.es\/en\/wp-json\/wp\/v2\/pages\/14\/revisions"}],"predecessor-version":[{"id":135,"href":"https:\/\/artelattecafe.es\/en\/wp-json\/wp\/v2\/pages\/14\/revisions\/135"}],"wp:attachment":[{"href":"https:\/\/artelattecafe.es\/en\/wp-json\/wp\/v2\/media?parent=14"}],"curies":[{"name":"wp","href":"https:\/\/api.w.org\/{rel}","templated":true}]}}