{"id":12,"date":"2025-12-23T09:47:40","date_gmt":"2025-12-23T09:47:40","guid":{"rendered":"https:\/\/artelattecafe.es\/?page_id=12"},"modified":"2026-02-20T10:05:09","modified_gmt":"2026-02-20T10:05:09","slug":"inicio","status":"publish","type":"page","link":"https:\/\/artelattecafe.es\/en\/","title":{"rendered":"Arte Latte Caff\u00e8"},"content":{"rendered":"<div data-elementor-type=\"wp-page\" data-elementor-id=\"12\" class=\"elementor elementor-12\" data-elementor-post-type=\"page\">\n\t\t\t\t<div class=\"elementor-element elementor-element-318163e1 e-con-full e-flex e-con e-parent\" data-id=\"318163e1\" data-element_type=\"container\" data-e-type=\"container\" data-settings=\"{&quot;background_background&quot;:&quot;classic&quot;}\">\n\t\t<div class=\"elementor-element elementor-element-4a5fb3c1 e-con-full e-flex e-con e-child\" data-id=\"4a5fb3c1\" data-element_type=\"container\" data-e-type=\"container\">\n\t\t\t\t<div class=\"elementor-element elementor-element-4aea7487 elementor-widget elementor-widget-heading\" data-id=\"4aea7487\" data-element_type=\"widget\" data-e-type=\"widget\" data-widget_type=\"heading.default\">\n\t\t\t\t\t<h1 class=\"elementor-heading-title elementor-size-default\">Coffee shop and artisanal ice cream parlor<\/h1>\t\t\t\t<\/div>\n\t\t\t\t<div class=\"elementor-element elementor-element-10370e elementor-widget elementor-widget-text-editor\" data-id=\"10370e\" data-element_type=\"widget\" data-e-type=\"widget\" data-widget_type=\"text-editor.default\">\n\t\t\t\t\t\t\t\t\t<p>Specialty coffee, artisanal ice cream, and homemade breakfasts to enjoy at your leisure in the heart of Roquetas<\/p>\t\t\t\t\t\t\t\t<\/div>\n\t\t\t\t<div class=\"elementor-element elementor-element-14d1fef7 elementor-align-left elementor-mobile-align-center elementor-tablet-align-center elementor-widget elementor-widget-button\" data-id=\"14d1fef7\" data-element_type=\"widget\" data-e-type=\"widget\" data-widget_type=\"button.default\">\n\t\t\t\t\t\t\t\t\t\t<a class=\"elementor-button elementor-button-link elementor-size-sm elementor-animation-grow\" href=\"https:\/\/artelattecafe.es\/en\/cafeteria-cafe-especialidad-roquetas-de-mar\/\">\n\t\t\t\t\t\t<span class=\"elementor-button-content-wrapper\">\n\t\t\t\t\t\t\t\t\t<span class=\"elementor-button-text\">See our cafe<\/span>\n\t\t\t\t\t<\/span>\n\t\t\t\t\t<\/a>\n\t\t\t\t\t\t\t\t<\/div>\n\t\t\t\t<div class=\"elementor-element elementor-element-71e4153 elementor-align-left elementor-mobile-align-center elementor-tablet-align-center elementor-widget elementor-widget-button\" data-id=\"71e4153\" data-element_type=\"widget\" data-e-type=\"widget\" data-widget_type=\"button.default\">\n\t\t\t\t\t\t\t\t\t\t<a class=\"elementor-button elementor-button-link elementor-size-sm elementor-animation-grow\" href=\"https:\/\/artelattecafe.es\/en\/heladeria-artesanal-roquetas-de-mar\/\">\n\t\t\t\t\t\t<span class=\"elementor-button-content-wrapper\">\n\t\t\t\t\t\t\t\t\t<span class=\"elementor-button-text\">Discover our ice creams<\/span>\n\t\t\t\t\t<\/span>\n\t\t\t\t\t<\/a>\n\t\t\t\t\t\t\t\t<\/div>\n\t\t\t\t<\/div>\n\t\t\t\t<div class=\"elementor-element elementor-element-5d385028 elementor-widget__width-initial elementor-widget-tablet__width-inherit elementor-widget elementor-widget-image\" data-id=\"5d385028\" data-element_type=\"widget\" data-e-type=\"widget\" data-widget_type=\"image.default\">\n\t\t\t\t\t\t\t\t\t\t\t\t\t\t\t<img fetchpriority=\"high\" decoding=\"async\" width=\"800\" height=\"574\" src=\"https:\/\/artelattecafe.es\/wp-content\/uploads\/2026\/02\/cafe_latte_arte.jpg\" class=\"attachment-large size-large wp-image-75\" alt=\"\" srcset=\"https:\/\/artelattecafe.es\/wp-content\/uploads\/2026\/02\/cafe_latte_arte.jpg 850w, https:\/\/artelattecafe.es\/wp-content\/uploads\/2026\/02\/cafe_latte_arte-300x215.jpg 300w, https:\/\/artelattecafe.es\/wp-content\/uploads\/2026\/02\/cafe_latte_arte-768x551.jpg 768w\" sizes=\"(max-width: 800px) 100vw, 800px\" \/>\t\t\t\t\t\t\t\t\t\t\t\t\t\t\t<\/div>\n\t\t\t\t<\/div>\n\t\t<div class=\"elementor-element elementor-element-64b4ab4f e-con-full e-flex e-con e-parent\" data-id=\"64b4ab4f\" data-element_type=\"container\" data-e-type=\"container\" data-settings=\"{&quot;background_background&quot;:&quot;classic&quot;}\">\n\t\t<div class=\"elementor-element elementor-element-402a083d e-con-full e-flex e-con e-child\" data-id=\"402a083d\" data-element_type=\"container\" data-e-type=\"container\">\n\t\t\t\t<div class=\"elementor-element elementor-element-703719b0 elementor-widget__width-inherit elementor-widget-divider--view-line elementor-invisible elementor-widget elementor-widget-divider\" data-id=\"703719b0\" data-element_type=\"widget\" data-e-type=\"widget\" data-settings=\"{&quot;_animation&quot;:&quot;fadeInLeft&quot;}\" data-widget_type=\"divider.default\">\n\t\t\t\t\t\t\t<div class=\"elementor-divider\">\n\t\t\t<span class=\"elementor-divider-separator\">\n\t\t\t\t\t\t<\/span>\n\t\t<\/div>\n\t\t\t\t\t\t<\/div>\n\t\t\t\t<div class=\"elementor-element elementor-element-4f72d2f0 elementor-widget__width-initial elementor-widget-tablet__width-inherit elementor-widget elementor-widget-heading\" data-id=\"4f72d2f0\" data-element_type=\"widget\" data-e-type=\"widget\" data-widget_type=\"heading.default\">\n\t\t\t\t\t<h1 class=\"elementor-heading-title elementor-size-default\">Specialty coffee shop in Roquetas<\/h1>\t\t\t\t<\/div>\n\t\t\t\t<div class=\"elementor-element elementor-element-35330646 elementor-widget__width-initial elementor-widget-tablet__width-inherit elementor-widget elementor-widget-text-editor\" data-id=\"35330646\" data-element_type=\"widget\" data-e-type=\"widget\" data-widget_type=\"text-editor.default\">\n\t\t\t\t\t\t\t\t\t<p data-start=\"1022\" data-end=\"1288\">We are a <strong data-start=\"1060\" data-end=\"1123\">Specialty coffee shop in Roquetas de Mar<\/strong>where we take care of every detail of the process, from the selection of <strong data-start=\"1188\" data-end=\"1214\">single origin grains<\/strong> down to a precise preparation that highlights its natural aromas and flavors.<\/p><p data-start=\"1290\" data-end=\"1594\">We work with <strong data-start=\"1305\" data-end=\"1330\">high quality coffees<\/strong>, roasted using traditional methods and prepared by <strong data-start=\"1377\" data-end=\"1403\">professional baristas<\/strong> who understand coffee as an experience. In our space you can enjoy a balanced espresso, discover <strong data-start=\"1522\" data-end=\"1545\">filtering methods<\/strong> or accompany your coffee with selected pastries.<\/p><p data-start=\"1596\" data-end=\"1724\">Our place is designed for you to enjoy at your leisure: a welcoming atmosphere, good music, and the constant aroma of freshly brewed coffee.<\/p>\t\t\t\t\t\t\t\t<\/div>\n\t\t\t\t<\/div>\n\t\t\t\t<\/div>\n\t\t<div class=\"elementor-element elementor-element-a8409ab e-flex e-con-boxed e-con e-parent\" data-id=\"a8409ab\" data-element_type=\"container\" data-e-type=\"container\">\n\t\t\t\t\t<div class=\"e-con-inner\">\n\t\t\t\t<div class=\"elementor-element elementor-element-71521945 elementor-widget__width-inherit elementor-invisible elementor-widget elementor-widget-image\" data-id=\"71521945\" data-element_type=\"widget\" data-e-type=\"widget\" data-settings=\"{&quot;_animation&quot;:&quot;fadeInUp&quot;}\" data-widget_type=\"image.default\">\n\t\t\t\t\t\t\t\t\t\t\t\t\t\t\t<img decoding=\"async\" width=\"1680\" height=\"427\" src=\"https:\/\/artelattecafe.es\/wp-content\/uploads\/2026\/02\/arte_latte_cafe.jpg\" class=\"attachment-full size-full wp-image-74\" alt=\"\" srcset=\"https:\/\/artelattecafe.es\/wp-content\/uploads\/2026\/02\/arte_latte_cafe.jpg 1680w, https:\/\/artelattecafe.es\/wp-content\/uploads\/2026\/02\/arte_latte_cafe-300x76.jpg 300w, https:\/\/artelattecafe.es\/wp-content\/uploads\/2026\/02\/arte_latte_cafe-1024x260.jpg 1024w, https:\/\/artelattecafe.es\/wp-content\/uploads\/2026\/02\/arte_latte_cafe-768x195.jpg 768w, https:\/\/artelattecafe.es\/wp-content\/uploads\/2026\/02\/arte_latte_cafe-1536x390.jpg 1536w\" sizes=\"(max-width: 1680px) 100vw, 1680px\" \/>\t\t\t\t\t\t\t\t\t\t\t\t\t\t\t<\/div>\n\t\t\t\t\t<\/div>\n\t\t\t\t<\/div>\n\t\t\t\t<\/div>","protected":false},"excerpt":{"rendered":"<p>Cafeter\u00eda y helader\u00eda artesanal Caf\u00e9 de especialidad, helados artesanales y desayunos caseros para disfrutar con calma en el coraz\u00f3n de Roquetas Ver nuestra cafeter\u00eda Descubrir nuestros helados Cafeter\u00eda de especialidad en Roquetas Somos una cafeter\u00eda especializada en caf\u00e9 de especialidad en Roquetas de Mar, donde cuidamos cada detalle del proceso, desde la selecci\u00f3n de granos [&hellip;]<\/p>\n","protected":false},"author":1,"featured_media":0,"parent":0,"menu_order":0,"comment_status":"closed","ping_status":"closed","template":"","meta":{"footnotes":""},"class_list":["post-12","page","type-page","status-publish","hentry"],"yoast_head":"<!-- This site is optimized with the Yoast SEO plugin v27.4 - https:\/\/yoast.com\/product\/yoast-seo-wordpress\/ -->\n<title>Arte Latte Caff\u00e8 - Cafeter\u00eda y helader\u00eda artesanal<\/title>\n<meta name=\"description\" content=\"Caf\u00e9 de especialidad, helados artesanales y desayunos caseros en la costa de Roquetas de Mar. Disfruta de un ambiente acogedor y artesanal.\" \/>\n<meta name=\"robots\" content=\"index, follow, max-snippet:-1, max-image-preview:large, max-video-preview:-1\" \/>\n<link rel=\"canonical\" href=\"https:\/\/artelattecafe.es\/en\/\" \/>\n<meta property=\"og:locale\" content=\"en_US\" \/>\n<meta property=\"og:type\" content=\"article\" \/>\n<meta property=\"og:title\" content=\"Arte Latte Caff\u00e8 - Cafeter\u00eda y helader\u00eda artesanal\" \/>\n<meta property=\"og:description\" content=\"Caf\u00e9 de especialidad, helados artesanales y desayunos caseros en la costa de Roquetas de Mar. Disfruta de un ambiente acogedor y artesanal.\" \/>\n<meta property=\"og:url\" content=\"https:\/\/artelattecafe.es\/en\/\" \/>\n<meta property=\"og:site_name\" content=\"Arte Latte Cafe\" \/>\n<meta property=\"article:modified_time\" content=\"2026-02-20T10:05:09+00:00\" \/>\n<meta property=\"og:image\" content=\"https:\/\/artelattecafe.es\/wp-content\/uploads\/2026\/02\/cafe_latte_arte.jpg\" \/>\n\t<meta property=\"og:image:width\" content=\"850\" \/>\n\t<meta property=\"og:image:height\" content=\"610\" \/>\n\t<meta property=\"og:image:type\" content=\"image\/jpeg\" \/>\n<meta name=\"twitter:card\" content=\"summary_large_image\" \/>\n<meta name=\"twitter:label1\" content=\"Est. reading time\" \/>\n\t<meta name=\"twitter:data1\" content=\"1 minute\" \/>\n<script type=\"application\/ld+json\" class=\"yoast-schema-graph\">{\"@context\":\"https:\\\/\\\/schema.org\",\"@graph\":[{\"@type\":\"WebPage\",\"@id\":\"https:\\\/\\\/artelattecafe.es\\\/\",\"url\":\"https:\\\/\\\/artelattecafe.es\\\/\",\"name\":\"Arte Latte Caff\u00e8 - Cafeter\u00eda y helader\u00eda artesanal\",\"isPartOf\":{\"@id\":\"https:\\\/\\\/artelattecafe.es\\\/#website\"},\"primaryImageOfPage\":{\"@id\":\"https:\\\/\\\/artelattecafe.es\\\/#primaryimage\"},\"image\":{\"@id\":\"https:\\\/\\\/artelattecafe.es\\\/#primaryimage\"},\"thumbnailUrl\":\"https:\\\/\\\/artelattecafe.es\\\/wp-content\\\/uploads\\\/2026\\\/02\\\/cafe_latte_arte.jpg\",\"datePublished\":\"2025-12-23T09:47:40+00:00\",\"dateModified\":\"2026-02-20T10:05:09+00:00\",\"description\":\"Caf\u00e9 de especialidad, helados artesanales y desayunos caseros en la costa de Roquetas de Mar. Disfruta de un ambiente acogedor y artesanal.\",\"breadcrumb\":{\"@id\":\"https:\\\/\\\/artelattecafe.es\\\/#breadcrumb\"},\"inLanguage\":\"en-US\",\"potentialAction\":[{\"@type\":\"ReadAction\",\"target\":[\"https:\\\/\\\/artelattecafe.es\\\/\"]}]},{\"@type\":\"ImageObject\",\"inLanguage\":\"en-US\",\"@id\":\"https:\\\/\\\/artelattecafe.es\\\/#primaryimage\",\"url\":\"https:\\\/\\\/artelattecafe.es\\\/wp-content\\\/uploads\\\/2026\\\/02\\\/cafe_latte_arte.jpg\",\"contentUrl\":\"https:\\\/\\\/artelattecafe.es\\\/wp-content\\\/uploads\\\/2026\\\/02\\\/cafe_latte_arte.jpg\"},{\"@type\":\"BreadcrumbList\",\"@id\":\"https:\\\/\\\/artelattecafe.es\\\/#breadcrumb\",\"itemListElement\":[{\"@type\":\"ListItem\",\"position\":1,\"name\":\"Portada\",\"item\":\"https:\\\/\\\/artelattecafe.es\\\/\"},{\"@type\":\"ListItem\",\"position\":2,\"name\":\"Arte Latte Caff\u00e8\"}]},{\"@type\":\"WebSite\",\"@id\":\"https:\\\/\\\/artelattecafe.es\\\/#website\",\"url\":\"https:\\\/\\\/artelattecafe.es\\\/\",\"name\":\"Arte Latte Cafe\",\"description\":\"Cafeter\u00eda y helader\u00eda artesanal en Roquetas de Mar\",\"publisher\":{\"@id\":\"https:\\\/\\\/artelattecafe.es\\\/#organization\"},\"potentialAction\":[{\"@type\":\"SearchAction\",\"target\":{\"@type\":\"EntryPoint\",\"urlTemplate\":\"https:\\\/\\\/artelattecafe.es\\\/?s={search_term_string}\"},\"query-input\":{\"@type\":\"PropertyValueSpecification\",\"valueRequired\":true,\"valueName\":\"search_term_string\"}}],\"inLanguage\":\"en-US\"},{\"@type\":\"Organization\",\"@id\":\"https:\\\/\\\/artelattecafe.es\\\/#organization\",\"name\":\"Arte Latte Cafe\",\"url\":\"https:\\\/\\\/artelattecafe.es\\\/\",\"logo\":{\"@type\":\"ImageObject\",\"inLanguage\":\"en-US\",\"@id\":\"https:\\\/\\\/artelattecafe.es\\\/#\\\/schema\\\/logo\\\/image\\\/\",\"url\":\"https:\\\/\\\/artelattecafe.es\\\/wp-content\\\/uploads\\\/2025\\\/12\\\/arte_latte_logo.png\",\"contentUrl\":\"https:\\\/\\\/artelattecafe.es\\\/wp-content\\\/uploads\\\/2025\\\/12\\\/arte_latte_logo.png\",\"width\":1150,\"height\":608,\"caption\":\"Arte Latte Cafe\"},\"image\":{\"@id\":\"https:\\\/\\\/artelattecafe.es\\\/#\\\/schema\\\/logo\\\/image\\\/\"},\"sameAs\":[\"https:\\\/\\\/www.instagram.com\\\/artelatte_heladeria_caffe\"]}]}<\/script>\n<!-- \/ Yoast SEO plugin. -->","yoast_head_json":{"title":"Arte Latte Caff\u00e8 - Cafeter\u00eda y helader\u00eda artesanal","description":"Caf\u00e9 de especialidad, helados artesanales y desayunos caseros en la costa de Roquetas de Mar. Disfruta de un ambiente acogedor y artesanal.","robots":{"index":"index","follow":"follow","max-snippet":"max-snippet:-1","max-image-preview":"max-image-preview:large","max-video-preview":"max-video-preview:-1"},"canonical":"https:\/\/artelattecafe.es\/en\/","og_locale":"en_US","og_type":"article","og_title":"Arte Latte Caff\u00e8 - Cafeter\u00eda y helader\u00eda artesanal","og_description":"Caf\u00e9 de especialidad, helados artesanales y desayunos caseros en la costa de Roquetas de Mar. Disfruta de un ambiente acogedor y artesanal.","og_url":"https:\/\/artelattecafe.es\/en\/","og_site_name":"Arte Latte Cafe","article_modified_time":"2026-02-20T10:05:09+00:00","og_image":[{"width":850,"height":610,"url":"https:\/\/artelattecafe.es\/wp-content\/uploads\/2026\/02\/cafe_latte_arte.jpg","type":"image\/jpeg"}],"twitter_card":"summary_large_image","twitter_misc":{"Est. reading time":"1 minute"},"schema":{"@context":"https:\/\/schema.org","@graph":[{"@type":"WebPage","@id":"https:\/\/artelattecafe.es\/","url":"https:\/\/artelattecafe.es\/","name":"Arte Latte Caff\u00e8 - Cafeter\u00eda y helader\u00eda artesanal","isPartOf":{"@id":"https:\/\/artelattecafe.es\/#website"},"primaryImageOfPage":{"@id":"https:\/\/artelattecafe.es\/#primaryimage"},"image":{"@id":"https:\/\/artelattecafe.es\/#primaryimage"},"thumbnailUrl":"https:\/\/artelattecafe.es\/wp-content\/uploads\/2026\/02\/cafe_latte_arte.jpg","datePublished":"2025-12-23T09:47:40+00:00","dateModified":"2026-02-20T10:05:09+00:00","description":"Caf\u00e9 de especialidad, helados artesanales y desayunos caseros en la costa de Roquetas de Mar. Disfruta de un ambiente acogedor y artesanal.","breadcrumb":{"@id":"https:\/\/artelattecafe.es\/#breadcrumb"},"inLanguage":"en-US","potentialAction":[{"@type":"ReadAction","target":["https:\/\/artelattecafe.es\/"]}]},{"@type":"ImageObject","inLanguage":"en-US","@id":"https:\/\/artelattecafe.es\/#primaryimage","url":"https:\/\/artelattecafe.es\/wp-content\/uploads\/2026\/02\/cafe_latte_arte.jpg","contentUrl":"https:\/\/artelattecafe.es\/wp-content\/uploads\/2026\/02\/cafe_latte_arte.jpg"},{"@type":"BreadcrumbList","@id":"https:\/\/artelattecafe.es\/#breadcrumb","itemListElement":[{"@type":"ListItem","position":1,"name":"Portada","item":"https:\/\/artelattecafe.es\/"},{"@type":"ListItem","position":2,"name":"Arte Latte Caff\u00e8"}]},{"@type":"WebSite","@id":"https:\/\/artelattecafe.es\/#website","url":"https:\/\/artelattecafe.es\/","name":"Arte Latte Cafe","description":"Cafeter\u00eda y helader\u00eda artesanal en Roquetas de Mar","publisher":{"@id":"https:\/\/artelattecafe.es\/#organization"},"potentialAction":[{"@type":"SearchAction","target":{"@type":"EntryPoint","urlTemplate":"https:\/\/artelattecafe.es\/?s={search_term_string}"},"query-input":{"@type":"PropertyValueSpecification","valueRequired":true,"valueName":"search_term_string"}}],"inLanguage":"en-US"},{"@type":"Organization","@id":"https:\/\/artelattecafe.es\/#organization","name":"Arte Latte Cafe","url":"https:\/\/artelattecafe.es\/","logo":{"@type":"ImageObject","inLanguage":"en-US","@id":"https:\/\/artelattecafe.es\/#\/schema\/logo\/image\/","url":"https:\/\/artelattecafe.es\/wp-content\/uploads\/2025\/12\/arte_latte_logo.png","contentUrl":"https:\/\/artelattecafe.es\/wp-content\/uploads\/2025\/12\/arte_latte_logo.png","width":1150,"height":608,"caption":"Arte Latte Cafe"},"image":{"@id":"https:\/\/artelattecafe.es\/#\/schema\/logo\/image\/"},"sameAs":["https:\/\/www.instagram.com\/artelatte_heladeria_caffe"]}]}},"_links":{"self":[{"href":"https:\/\/artelattecafe.es\/en\/wp-json\/wp\/v2\/pages\/12","targetHints":{"allow":["GET"]}}],"collection":[{"href":"https:\/\/artelattecafe.es\/en\/wp-json\/wp\/v2\/pages"}],"about":[{"href":"https:\/\/artelattecafe.es\/en\/wp-json\/wp\/v2\/types\/page"}],"author":[{"embeddable":true,"href":"https:\/\/artelattecafe.es\/en\/wp-json\/wp\/v2\/users\/1"}],"replies":[{"embeddable":true,"href":"https:\/\/artelattecafe.es\/en\/wp-json\/wp\/v2\/comments?post=12"}],"version-history":[{"count":36,"href":"https:\/\/artelattecafe.es\/en\/wp-json\/wp\/v2\/pages\/12\/revisions"}],"predecessor-version":[{"id":132,"href":"https:\/\/artelattecafe.es\/en\/wp-json\/wp\/v2\/pages\/12\/revisions\/132"}],"wp:attachment":[{"href":"https:\/\/artelattecafe.es\/en\/wp-json\/wp\/v2\/media?parent=12"}],"curies":[{"name":"wp","href":"https:\/\/api.w.org\/{rel}","templated":true}]}}